{"id":75,"date":"2025-07-09T15:36:40","date_gmt":"2025-07-09T13:36:40","guid":{"rendered":"https:\/\/r10.com.pl\/?page_id=75"},"modified":"2025-07-10T21:24:30","modified_gmt":"2025-07-10T19:24:30","slug":"projekty","status":"publish","type":"page","link":"https:\/\/r10.com.pl\/?page_id=75","title":{"rendered":"Projekty"},"content":{"rendered":"\n<hr class=\"wp-block-separator has-css-opacity is-style-default\"\/>\n\n\n\n<div class=\"wp-block-group alignfull has-global-padding is-layout-constrained wp-container-core-group-is-layout-346627ba wp-block-group-is-layout-constrained\">\n<div class=\"wp-block-columns alignwide is-layout-flex wp-container-core-columns-is-layout-0c0b91ec wp-block-columns-is-layout-flex\">\n<div class=\"wp-block-column is-layout-flow wp-container-core-column-is-layout-7d8b29ad wp-block-column-is-layout-flow\">\n<div class=\"wp-block-group alignwide has-base-contrast-background-color has-background is-layout-flow wp-container-core-group-is-layout-03469332 wp-block-group-is-layout-flow\" style=\"border-radius:16px;padding-top:var(--wp--preset--spacing--30);padding-right:var(--wp--preset--spacing--30);padding-bottom:var(--wp--preset--spacing--30);padding-left:var(--wp--preset--spacing--30);box-shadow:var(--wp--preset--shadow--xxl)\">\n<h3 class=\"wp-block-heading\">Budynki biurowe<\/h3>\n\n\n\n<div class=\"wp-block-group is-nowrap is-layout-flex wp-container-core-group-is-layout-6c531013 wp-block-group-is-layout-flex\">\n<div class=\"wp-block-group is-vertical is-layout-flex wp-container-core-group-is-layout-6c76a9a5 wp-block-group-is-layout-flex\">\n<figure class=\"wp-block-gallery has-nested-images columns-default is-cropped wp-block-gallery-1 is-layout-flex wp-block-gallery-is-layout-flex\">\n<figure class=\"wp-block-image size-large\"><img loading=\"lazy\" decoding=\"async\" width=\"1024\" height=\"693\" data-id=\"80\" src=\"https:\/\/r10.com.pl\/wp-content\/uploads\/2025\/07\/zdjecie-2-1024x693.png\" alt=\"\" class=\"wp-image-80\" srcset=\"https:\/\/r10.com.pl\/wp-content\/uploads\/2025\/07\/zdjecie-2-1024x693.png 1024w, https:\/\/r10.com.pl\/wp-content\/uploads\/2025\/07\/zdjecie-2-300x203.png 300w, https:\/\/r10.com.pl\/wp-content\/uploads\/2025\/07\/zdjecie-2-768x520.png 768w, https:\/\/r10.com.pl\/wp-content\/uploads\/2025\/07\/zdjecie-2.png 1123w\" sizes=\"auto, (max-width: 1024px) 100vw, 1024px\" \/><\/figure>\n<\/figure>\n<\/div>\n<\/div>\n<\/div>\n\n\n\n<div class=\"wp-block-group alignwide has-base-contrast-background-color has-background is-layout-flow wp-container-core-group-is-layout-03469332 wp-block-group-is-layout-flow\" style=\"border-radius:16px;padding-top:var(--wp--preset--spacing--30);padding-right:var(--wp--preset--spacing--30);padding-bottom:var(--wp--preset--spacing--30);padding-left:var(--wp--preset--spacing--30);box-shadow:var(--wp--preset--shadow--xxl)\">\n<h3 class=\"wp-block-heading\">Obiekty handlowe<\/h3>\n\n\n\n<p><\/p>\n\n\n\n<div class=\"wp-block-group is-nowrap is-layout-flex wp-container-core-group-is-layout-6c531013 wp-block-group-is-layout-flex\">\n<div class=\"wp-block-group is-vertical is-layout-flex wp-container-core-group-is-layout-6c76a9a5 wp-block-group-is-layout-flex\">\n<figure class=\"wp-block-gallery has-nested-images columns-default is-cropped wp-block-gallery-2 is-layout-flex wp-block-gallery-is-layout-flex\">\n<figure class=\"wp-block-image size-large\"><img loading=\"lazy\" decoding=\"async\" width=\"1024\" height=\"530\" data-id=\"86\" src=\"https:\/\/r10.com.pl\/wp-content\/uploads\/2025\/07\/WhatsApp-Image-2025-04-09-at-12.23.10-1024x530.jpeg\" alt=\"\" class=\"wp-image-86\" srcset=\"https:\/\/r10.com.pl\/wp-content\/uploads\/2025\/07\/WhatsApp-Image-2025-04-09-at-12.23.10-1024x530.jpeg 1024w, https:\/\/r10.com.pl\/wp-content\/uploads\/2025\/07\/WhatsApp-Image-2025-04-09-at-12.23.10-300x155.jpeg 300w, https:\/\/r10.com.pl\/wp-content\/uploads\/2025\/07\/WhatsApp-Image-2025-04-09-at-12.23.10-768x397.jpeg 768w, https:\/\/r10.com.pl\/wp-content\/uploads\/2025\/07\/WhatsApp-Image-2025-04-09-at-12.23.10-1536x795.jpeg 1536w, https:\/\/r10.com.pl\/wp-content\/uploads\/2025\/07\/WhatsApp-Image-2025-04-09-at-12.23.10.jpeg 1600w\" sizes=\"auto, (max-width: 1024px) 100vw, 1024px\" \/><\/figure>\n<\/figure>\n<\/div>\n<\/div>\n<\/div>\n<\/div>\n\n\n\n<div class=\"wp-block-column is-layout-flow wp-container-core-column-is-layout-7d8b29ad wp-block-column-is-layout-flow\">\n<div class=\"wp-block-group alignwide has-base-contrast-background-color has-background is-layout-flow wp-container-core-group-is-layout-03469332 wp-block-group-is-layout-flow\" style=\"border-radius:16px;padding-top:var(--wp--preset--spacing--30);padding-right:var(--wp--preset--spacing--30);padding-bottom:var(--wp--preset--spacing--30);padding-left:var(--wp--preset--spacing--30);box-shadow:var(--wp--preset--shadow--xxl)\">\n<h3 class=\"wp-block-heading\">Obiekty przemys\u0142owe<\/h3>\n\n\n\n<div class=\"wp-block-group is-nowrap is-layout-flex wp-container-core-group-is-layout-6c531013 wp-block-group-is-layout-flex\">\n<div class=\"wp-block-group is-vertical is-layout-flex wp-container-core-group-is-layout-6c76a9a5 wp-block-group-is-layout-flex\">\n<figure class=\"wp-block-gallery has-nested-images columns-default is-cropped wp-block-gallery-3 is-layout-flex wp-block-gallery-is-layout-flex\">\n<figure class=\"wp-block-image size-full\"><img loading=\"lazy\" decoding=\"async\" width=\"1024\" height=\"695\" data-id=\"82\" src=\"https:\/\/r10.com.pl\/wp-content\/uploads\/2025\/07\/b44efe15-16d7-414b-95c8-453b40712a29-1.jpeg\" alt=\"\" class=\"wp-image-82\" srcset=\"https:\/\/r10.com.pl\/wp-content\/uploads\/2025\/07\/b44efe15-16d7-414b-95c8-453b40712a29-1.jpeg 1024w, https:\/\/r10.com.pl\/wp-content\/uploads\/2025\/07\/b44efe15-16d7-414b-95c8-453b40712a29-1-300x204.jpeg 300w, https:\/\/r10.com.pl\/wp-content\/uploads\/2025\/07\/b44efe15-16d7-414b-95c8-453b40712a29-1-768x521.jpeg 768w\" sizes=\"auto, (max-width: 1024px) 100vw, 1024px\" \/><\/figure>\n<\/figure>\n<\/div>\n<\/div>\n<\/div>\n<\/div>\n\n\n\n<div class=\"wp-block-column is-layout-flow wp-container-core-column-is-layout-7d8b29ad wp-block-column-is-layout-flow\">\n<div class=\"wp-block-group alignwide has-base-contrast-background-color has-background is-layout-flow wp-container-core-group-is-layout-03469332 wp-block-group-is-layout-flow\" style=\"border-radius:16px;padding-top:var(--wp--preset--spacing--30);padding-right:var(--wp--preset--spacing--30);padding-bottom:var(--wp--preset--spacing--30);padding-left:var(--wp--preset--spacing--30);box-shadow:var(--wp--preset--shadow--xxl)\">\n<h3 class=\"wp-block-heading\">U\u017cyteczno\u015bci publicznej<\/h3>\n\n\n\n<div class=\"wp-block-group is-nowrap is-layout-flex wp-container-core-group-is-layout-6c531013 wp-block-group-is-layout-flex\">\n<div class=\"wp-block-group is-vertical is-layout-flex wp-container-core-group-is-layout-6c76a9a5 wp-block-group-is-layout-flex\">\n<figure class=\"wp-block-gallery has-nested-images columns-default is-cropped wp-block-gallery-4 is-layout-flex wp-block-gallery-is-layout-flex\">\n<figure class=\"wp-block-image size-large\"><img loading=\"lazy\" decoding=\"async\" width=\"1024\" height=\"713\" data-id=\"85\" src=\"https:\/\/r10.com.pl\/wp-content\/uploads\/2025\/07\/Kosciol-Sw.-Elzbiety-foto-1-1024x713.png\" alt=\"\" class=\"wp-image-85\" srcset=\"https:\/\/r10.com.pl\/wp-content\/uploads\/2025\/07\/Kosciol-Sw.-Elzbiety-foto-1-1024x713.png 1024w, https:\/\/r10.com.pl\/wp-content\/uploads\/2025\/07\/Kosciol-Sw.-Elzbiety-foto-1-300x209.png 300w, https:\/\/r10.com.pl\/wp-content\/uploads\/2025\/07\/Kosciol-Sw.-Elzbiety-foto-1-768x535.png 768w, https:\/\/r10.com.pl\/wp-content\/uploads\/2025\/07\/Kosciol-Sw.-Elzbiety-foto-1.png 1486w\" sizes=\"auto, (max-width: 1024px) 100vw, 1024px\" \/><\/figure>\n<\/figure>\n<\/div>\n<\/div>\n<\/div>\n<\/div>\n<\/div>\n<\/div>\n\n\n\n<p><\/p>\n","protected":false},"excerpt":{"rendered":"<p>Budynki biurowe Obiekty handlowe Obiekty przemys\u0142owe U\u017cyteczno\u015bci publicznej<\/p>\n","protected":false},"author":1,"featured_media":0,"parent":0,"menu_order":0,"comment_status":"closed","ping_status":"closed","template":"","meta":{"footnotes":""},"class_list":["post-75","page","type-page","status-publish","hentry"],"_links":{"self":[{"href":"https:\/\/r10.com.pl\/index.php?rest_route=\/wp\/v2\/pages\/75","targetHints":{"allow":["GET"]}}],"collection":[{"href":"https:\/\/r10.com.pl\/index.php?rest_route=\/wp\/v2\/pages"}],"about":[{"href":"https:\/\/r10.com.pl\/index.php?rest_route=\/wp\/v2\/types\/page"}],"author":[{"embeddable":true,"href":"https:\/\/r10.com.pl\/index.php?rest_route=\/wp\/v2\/users\/1"}],"replies":[{"embeddable":true,"href":"https:\/\/r10.com.pl\/index.php?rest_route=%2Fwp%2Fv2%2Fcomments&post=75"}],"version-history":[{"count":4,"href":"https:\/\/r10.com.pl\/index.php?rest_route=\/wp\/v2\/pages\/75\/revisions"}],"predecessor-version":[{"id":135,"href":"https:\/\/r10.com.pl\/index.php?rest_route=\/wp\/v2\/pages\/75\/revisions\/135"}],"wp:attachment":[{"href":"https:\/\/r10.com.pl\/index.php?rest_route=%2Fwp%2Fv2%2Fmedia&parent=75"}],"curies":[{"name":"wp","href":"https:\/\/api.w.org\/{rel}","templated":true}]}}